{"id":1125,"date":"2021-06-22T21:38:20","date_gmt":"2021-06-22T21:38:20","guid":{"rendered":"https:\/\/jjcindustries.com\/?page_id=1125"},"modified":"2025-01-10T14:18:56","modified_gmt":"2025-01-10T21:18:56","slug":"safety-data-sheets","status":"publish","type":"page","link":"https:\/\/jjcindustries.com\/fr\/safety-data-sheets\/","title":{"rendered":"Les fiches de donn\u00e9es de s\u00e9curit\u00e9"},"content":{"rendered":"<div class=\"fusion-fullwidth fullwidth-box fusion-builder-row-1 fusion-flex-container has-pattern-background has-mask-background nonhundred-percent-fullwidth non-hundred-percent-height-scrolling\" style=\"--awb-border-radius-top-left:0px;--awb-border-radius-top-right:0px;--awb-border-radius-bottom-right:0px;--awb-border-radius-bottom-left:0px;--awb-padding-top:130px;--awb-padding-bottom:130px;--awb-padding-right-small:25px;--awb-padding-left-small:25px;--awb-flex-wrap:wrap;\" ><div class=\"fusion-builder-row fusion-row fusion-flex-align-items-flex-start fusion-flex-content-wrap\" style=\"max-width:calc( 1240px + 0px );margin-left: calc(-0px \/ 2 );margin-right: calc(-0px \/ 2 );\"><div class=\"fusion-layout-column fusion_builder_column fusion-builder-column-0 fusion_builder_column_1_1 1_1 fusion-flex-column\" style=\"--awb-bg-size:cover;--awb-width-large:100%;--awb-margin-top-large:0px;--awb-spacing-right-large:0px;--awb-margin-bottom-large:20px;--awb-spacing-left-large:0px;--awb-width-medium:100%;--awb-order-medium:0;--awb-spacing-right-medium:0px;--awb-spacing-left-medium:0px;--awb-width-small:100%;--awb-order-small:0;--awb-spacing-right-small:0px;--awb-spacing-left-small:0px;\"><div class=\"fusion-column-wrapper fusion-column-has-shadow fusion-flex-justify-content-flex-start fusion-content-layout-column\"><div class=\"fusion-title title fusion-title-1 fusion-sep-none fusion-title-text fusion-title-size-one\" style=\"--awb-margin-bottom:50px;--awb-margin-top-small:0px;--awb-margin-right-small:0px;--awb-margin-bottom-small:20px;--awb-margin-left-small:0px;--awb-font-size:48px;\"><h1 class=\"fusion-title-heading title-heading-left fusion-responsive-typography-calculated\" style=\"margin:0;font-size:1em;--fontSize:48;line-height:1.33;\">Les fiches de donn\u00e9es de s\u00e9curit\u00e9<\/h1><\/div><div class=\"fusion-separator\" style=\"align-self: flex-start;margin-right:auto;margin-top:0px;margin-bottom:40px;width:100%;max-width:170px;\"><div class=\"fusion-separator-border sep-single sep-solid\" style=\"--awb-height:20px;--awb-amount:20px;--awb-sep-color:#e2e3e8;border-color:#e2e3e8;border-top-width:3px;\"><\/div><\/div><\/div><\/div><div class=\"fusion-layout-column fusion_builder_column fusion-builder-column-1 fusion_builder_column_1_1 1_1 fusion-flex-column\" style=\"--awb-bg-size:cover;--awb-width-large:100%;--awb-margin-top-large:0px;--awb-spacing-right-large:0px;--awb-margin-bottom-large:0px;--awb-spacing-left-large:0px;--awb-width-medium:100%;--awb-order-medium:0;--awb-spacing-right-medium:0px;--awb-spacing-left-medium:0px;--awb-width-small:100%;--awb-order-small:0;--awb-spacing-right-small:0px;--awb-spacing-left-small:0px;\"><div class=\"fusion-column-wrapper fusion-column-has-shadow fusion-flex-justify-content-flex-start fusion-content-layout-column\"><div class=\"fusion-text fusion-text-1\"><p><span style=\"font-weight: 400;\">Cliquez d&#039;abord sur l&#039;ic\u00f4ne &quot;Zip&quot; pour afficher une liste du contenu de chaque fichier zip. Lorsque vous cliquez sur le titre du fichier zip souhait\u00e9, il commencera imm\u00e9diatement \u00e0 t\u00e9l\u00e9charger son contenu dans le dossier T\u00e9l\u00e9chargements de votre ordinateur.<\/span><\/p>\n<p>\u2022\u2022\u2022\u2022\u2022\u2022\u2022\u2022\u2022\u2022<\/p>\n<\/div><div class=\"fusion-title title fusion-title-2 fusion-sep-none fusion-title-text fusion-title-size-three\" style=\"--awb-margin-top-small:0px;--awb-margin-right-small:0px;--awb-margin-bottom-small:20px;--awb-margin-left-small:0px;\"><h3 class=\"fusion-title-heading title-heading-left fusion-responsive-typography-calculated\" style=\"margin:0;--fontSize:22;--minFontSize:22;line-height:1.91;\">USA English<\/h3><\/div><div class=\"fusion-text fusion-text-2\"><p><a href=\"https:\/\/jjcindustries.com\/wp-content\/uploads\/2025\/01\/USA-English-Gouache-3-Safety-Data-Sheets.zip\" target=\"_blank\" rel=\"noopener\">USA English &#8211; Gouache &#8211; 3 Safety Data Sheets.zip<\/a> <a class=\"engGO2\" href=\"#\"><img decoding=\"async\" class=\"zipicon\" src=\"https:\/\/jjcindustries.com\/wp-content\/uploads\/2021\/12\/zip-icon.png\" \/><\/a><\/p>\n<p><a href=\"https:\/\/jjcindustries.com\/wp-content\/uploads\/2025\/01\/USA-English-Watercolor-4-Safety-Data-Sheets.zip\" target=\"_blank\" rel=\"noopener\">USA English &#8211; Watercolor &#8211; 4 Safety Data Sheets.zip<\/a> <a class=\"engWC4\" href=\"#\"><img decoding=\"async\" class=\"zipicon\" src=\"https:\/\/jjcindustries.com\/wp-content\/uploads\/2021\/12\/zip-icon.png\" \/><\/a><\/p>\n<p><a href=\"https:\/\/jjcindustries.com\/wp-content\/uploads\/2025\/01\/USA-English-Mediums-3-Safety-Data-Sheets.zip\" target=\"_blank\" rel=\"noopener\">USA English &#8211; Mediums &#8211; 3 Safety Data Sheets.zip<\/a> <a class=\"engMED3\" href=\"#\"><img decoding=\"async\" class=\"zipicon\" src=\"https:\/\/jjcindustries.com\/wp-content\/uploads\/2021\/12\/zip-icon.png\" \/><\/a><\/p>\n<\/div><\/div><\/div><div class=\"fusion-layout-column fusion_builder_column fusion-builder-column-2 fusion_builder_column_1_1 1_1 fusion-flex-column\" style=\"--awb-bg-size:cover;--awb-width-large:100%;--awb-margin-top-large:0px;--awb-spacing-right-large:0px;--awb-margin-bottom-large:0px;--awb-spacing-left-large:0px;--awb-width-medium:100%;--awb-order-medium:0;--awb-spacing-right-medium:0px;--awb-spacing-left-medium:0px;--awb-width-small:100%;--awb-order-small:0;--awb-spacing-right-small:0px;--awb-spacing-left-small:0px;\"><div class=\"fusion-column-wrapper fusion-column-has-shadow fusion-flex-justify-content-flex-start fusion-content-layout-column\"><div class=\"fusion-title title fusion-title-3 fusion-sep-none fusion-title-text fusion-title-size-three\" style=\"--awb-margin-top-small:0px;--awb-margin-right-small:0px;--awb-margin-bottom-small:20px;--awb-margin-left-small:0px;\"><h3 class=\"fusion-title-heading title-heading-left fusion-responsive-typography-calculated\" style=\"margin:0;--fontSize:22;--minFontSize:22;line-height:1.91;\">EU English<\/h3><\/div><div class=\"fusion-text fusion-text-3\"><p><a href=\"https:\/\/jjcindustries.com\/wp-content\/uploads\/2025\/01\/EU-English-Gouache-3-Safety-Data-Sheets.zip\" target=\"_blank\" rel=\"noopener\">EU English &#8211; Gouache &#8211; 3 Safety Data Sheets.zip<\/a> <a class=\"EUengGO3\" href=\"#\"><img decoding=\"async\" class=\"zipicon\" src=\"https:\/\/jjcindustries.com\/wp-content\/uploads\/2021\/12\/zip-icon.png\" \/><\/a><\/p>\n<p><a href=\"https:\/\/jjcindustries.com\/wp-content\/uploads\/2025\/01\/EU-English-Watercolor-4-Safety-Data-Sheets.zip\" target=\"_blank\" rel=\"noopener\">EU English &#8211; Watercolor &#8211; 4 Safety Data Sheets.zip<\/a> <a class=\"EUengWC4\" href=\"#\"><img decoding=\"async\" class=\"zipicon\" src=\"https:\/\/jjcindustries.com\/wp-content\/uploads\/2021\/12\/zip-icon.png\" \/><\/a><\/p>\n<p><a href=\"https:\/\/jjcindustries.com\/wp-content\/uploads\/2025\/01\/EU-English-Mediums-1-Safety-Data-Sheet.zip\" target=\"_blank\" rel=\"noopener\">EU English &#8211; Mediums &#8211; 1 Safety Data Sheet.zip<\/a> <a class=\"EUengMED1\" href=\"#\"><img decoding=\"async\" class=\"zipicon\" src=\"https:\/\/jjcindustries.com\/wp-content\/uploads\/2021\/12\/zip-icon.png\" \/><\/a><\/p>\n<\/div><\/div><\/div><div class=\"fusion-layout-column fusion_builder_column fusion-builder-column-3 fusion_builder_column_1_1 1_1 fusion-flex-column\" style=\"--awb-bg-size:cover;--awb-width-large:100%;--awb-margin-top-large:0px;--awb-spacing-right-large:0px;--awb-margin-bottom-large:0px;--awb-spacing-left-large:0px;--awb-width-medium:100%;--awb-order-medium:0;--awb-spacing-right-medium:0px;--awb-spacing-left-medium:0px;--awb-width-small:100%;--awb-order-small:0;--awb-spacing-right-small:0px;--awb-spacing-left-small:0px;\"><div class=\"fusion-column-wrapper fusion-column-has-shadow fusion-flex-justify-content-flex-start fusion-content-layout-column\"><div class=\"fusion-title title fusion-title-4 fusion-sep-none fusion-title-text fusion-title-size-three\" style=\"--awb-margin-top-small:0px;--awb-margin-right-small:0px;--awb-margin-bottom-small:20px;--awb-margin-left-small:0px;\"><h3 class=\"fusion-title-heading title-heading-left fusion-responsive-typography-calculated\" style=\"margin:0;--fontSize:22;--minFontSize:22;line-height:1.91;\">EU Danish<\/h3><\/div><div class=\"fusion-text fusion-text-4\"><p><a href=\"https:\/\/jjcindustries.com\/wp-content\/uploads\/2025\/01\/EU-Danish-Gouache-2-Safety-Data-Sheets.zip\" target=\"_blank\" rel=\"noopener\">EU Danish &#8211; Gouache &#8211; 2 Safety Data Sheets.zip<\/a> <a class=\"EUdanGO2\" href=\"#\"><img decoding=\"async\" class=\"zipicon\" src=\"https:\/\/jjcindustries.com\/wp-content\/uploads\/2021\/12\/zip-icon.png\" \/><\/a><\/p>\n<p><a href=\"https:\/\/jjcindustries.com\/wp-content\/uploads\/2025\/01\/EU-Danish-Watercolor-4-Safety-Data-Sheets.zip\" target=\"_blank\" rel=\"noopener\">EU Danish &#8211; Watercolor &#8211; 4 Safety Data Sheets.zip<\/a> <a class=\"EUdanWC4\" href=\"#\"><img decoding=\"async\" class=\"zipicon\" src=\"https:\/\/jjcindustries.com\/wp-content\/uploads\/2021\/12\/zip-icon.png\" \/><\/a><\/p>\n<\/div><\/div><\/div><div class=\"fusion-layout-column fusion_builder_column fusion-builder-column-4 fusion_builder_column_1_1 1_1 fusion-flex-column\" style=\"--awb-bg-size:cover;--awb-width-large:100%;--awb-margin-top-large:0px;--awb-spacing-right-large:0px;--awb-margin-bottom-large:0px;--awb-spacing-left-large:0px;--awb-width-medium:100%;--awb-order-medium:0;--awb-spacing-right-medium:0px;--awb-spacing-left-medium:0px;--awb-width-small:100%;--awb-order-small:0;--awb-spacing-right-small:0px;--awb-spacing-left-small:0px;\"><div class=\"fusion-column-wrapper fusion-column-has-shadow fusion-flex-justify-content-flex-start fusion-content-layout-column\"><div class=\"fusion-title title fusion-title-5 fusion-sep-none fusion-title-text fusion-title-size-three\" style=\"--awb-margin-top-small:0px;--awb-margin-right-small:0px;--awb-margin-bottom-small:20px;--awb-margin-left-small:0px;\"><h3 class=\"fusion-title-heading title-heading-left fusion-responsive-typography-calculated\" style=\"margin:0;--fontSize:22;--minFontSize:22;line-height:1.91;\">EU French<\/h3><\/div><div class=\"fusion-text fusion-text-5\"><p><a href=\"https:\/\/jjcindustries.com\/wp-content\/uploads\/2025\/01\/EU-French-Gouache-2-Safety-Data-Sheets.zip\" target=\"_blank\" rel=\"noopener\">EU French &#8211; Gouache &#8211; 2 Safety Data Sheets.zip<\/a> <a class=\"EUfreGO2\" href=\"#\"><img decoding=\"async\" class=\"zipicon\" src=\"https:\/\/jjcindustries.com\/wp-content\/uploads\/2021\/12\/zip-icon.png\" \/><\/a><\/p>\n<p><a href=\"https:\/\/jjcindustries.com\/wp-content\/uploads\/2025\/01\/EU-French-Watercolor-4-Safety-Data-Sheets.zip\" target=\"_blank\" rel=\"noopener\">EU French &#8211; Watercolor &#8211; 4 Safety Data Sheets.zip<\/a> <a class=\"EUfreWC4\" href=\"#\"><img decoding=\"async\" class=\"zipicon\" src=\"https:\/\/jjcindustries.com\/wp-content\/uploads\/2021\/12\/zip-icon.png\" \/><\/a><\/p>\n<\/div><\/div><\/div><div class=\"fusion-layout-column fusion_builder_column fusion-builder-column-5 fusion_builder_column_1_1 1_1 fusion-flex-column\" style=\"--awb-bg-size:cover;--awb-width-large:100%;--awb-margin-top-large:0px;--awb-spacing-right-large:0px;--awb-margin-bottom-large:0px;--awb-spacing-left-large:0px;--awb-width-medium:100%;--awb-order-medium:0;--awb-spacing-right-medium:0px;--awb-spacing-left-medium:0px;--awb-width-small:100%;--awb-order-small:0;--awb-spacing-right-small:0px;--awb-spacing-left-small:0px;\"><div class=\"fusion-column-wrapper fusion-column-has-shadow fusion-flex-justify-content-flex-start fusion-content-layout-column\"><div class=\"fusion-title title fusion-title-6 fusion-sep-none fusion-title-text fusion-title-size-three\" style=\"--awb-margin-top-small:0px;--awb-margin-right-small:0px;--awb-margin-bottom-small:20px;--awb-margin-left-small:0px;\"><h3 class=\"fusion-title-heading title-heading-left fusion-responsive-typography-calculated\" style=\"margin:0;--fontSize:22;--minFontSize:22;line-height:1.91;\">EU German<\/h3><\/div><div class=\"fusion-text fusion-text-6\"><p><a href=\"https:\/\/jjcindustries.com\/wp-content\/uploads\/2025\/01\/EU-German-Gouache-2-Safety-Data-Sheets.zip\" target=\"_blank\" rel=\"noopener\">EU German &#8211; Gouache &#8211; 2 Safety Data Sheets.zip<\/a> <a class=\"EUgerGO2\" href=\"#\"><img decoding=\"async\" class=\"zipicon\" src=\"https:\/\/jjcindustries.com\/wp-content\/uploads\/2021\/12\/zip-icon.png\" \/><\/a><\/p>\n<p><a href=\"https:\/\/jjcindustries.com\/wp-content\/uploads\/2025\/01\/EU-German-Watercolor-4-Safety-Data-Sheets.zip\" target=\"_blank\" rel=\"noopener\">EU German &#8211; Watercolor &#8211; 4 Safety Data Sheets.zip<\/a> <a class=\"EUgerWC4\" href=\"#\"><img decoding=\"async\" class=\"zipicon\" src=\"https:\/\/jjcindustries.com\/wp-content\/uploads\/2021\/12\/zip-icon.png\" \/><\/a><\/p>\n<\/div><\/div><\/div><div class=\"fusion-layout-column fusion_builder_column fusion-builder-column-6 fusion_builder_column_1_1 1_1 fusion-flex-column\" style=\"--awb-bg-size:cover;--awb-width-large:100%;--awb-margin-top-large:0px;--awb-spacing-right-large:0px;--awb-margin-bottom-large:0px;--awb-spacing-left-large:0px;--awb-width-medium:100%;--awb-order-medium:0;--awb-spacing-right-medium:0px;--awb-spacing-left-medium:0px;--awb-width-small:100%;--awb-order-small:0;--awb-spacing-right-small:0px;--awb-spacing-left-small:0px;\"><div class=\"fusion-column-wrapper fusion-column-has-shadow fusion-flex-justify-content-flex-start fusion-content-layout-column\"><div class=\"fusion-title title fusion-title-7 fusion-sep-none fusion-title-text fusion-title-size-three\" style=\"--awb-margin-top-small:0px;--awb-margin-right-small:0px;--awb-margin-bottom-small:20px;--awb-margin-left-small:0px;\"><h3 class=\"fusion-title-heading title-heading-left fusion-responsive-typography-calculated\" style=\"margin:0;--fontSize:22;--minFontSize:22;line-height:1.91;\">EU Norwegian<\/h3><\/div><div class=\"fusion-text fusion-text-7\"><p><a href=\"https:\/\/jjcindustries.com\/wp-content\/uploads\/2025\/01\/EU-Norwegian-Gouache-2-Safety-Data-Sheets.zip\" target=\"_blank\" rel=\"noopener\">EU Norwegian &#8211; Gouache &#8211; 2 Safety Data Sheets.zip<\/a> <a class=\"EUnorGO2\" href=\"#\"><img decoding=\"async\" class=\"zipicon\" src=\"https:\/\/jjcindustries.com\/wp-content\/uploads\/2021\/12\/zip-icon.png\" \/><\/a><\/p>\n<p><a href=\"https:\/\/jjcindustries.com\/wp-content\/uploads\/2025\/01\/EU-Norwegian-Watercolor-4-Safety-Data-Sheets.zip\" target=\"_blank\" rel=\"noopener\">EU Norwegian &#8211; Watercolor &#8211; 4 Safety Data Sheets.zip<\/a> <a class=\"EUnorWC4\" href=\"#\"><img decoding=\"async\" class=\"zipicon\" src=\"https:\/\/jjcindustries.com\/wp-content\/uploads\/2021\/12\/zip-icon.png\" \/><\/a><\/p>\n<\/div><\/div><\/div><div class=\"fusion-layout-column fusion_builder_column fusion-builder-column-7 fusion_builder_column_1_1 1_1 fusion-flex-column\" style=\"--awb-bg-size:cover;--awb-width-large:100%;--awb-margin-top-large:0px;--awb-spacing-right-large:0px;--awb-margin-bottom-large:0px;--awb-spacing-left-large:0px;--awb-width-medium:100%;--awb-order-medium:0;--awb-spacing-right-medium:0px;--awb-spacing-left-medium:0px;--awb-width-small:100%;--awb-order-small:0;--awb-spacing-right-small:0px;--awb-spacing-left-small:0px;\"><div class=\"fusion-column-wrapper fusion-column-has-shadow fusion-flex-justify-content-flex-start fusion-content-layout-column\"><div class=\"fusion-title title fusion-title-8 fusion-sep-none fusion-title-text fusion-title-size-three\" style=\"--awb-margin-top-small:0px;--awb-margin-right-small:0px;--awb-margin-bottom-small:20px;--awb-margin-left-small:0px;\"><h3 class=\"fusion-title-heading title-heading-left fusion-responsive-typography-calculated\" style=\"margin:0;--fontSize:22;--minFontSize:22;line-height:1.91;\">EU Spanish<\/h3><\/div><div class=\"fusion-text fusion-text-8\"><p><a href=\"https:\/\/jjcindustries.com\/wp-content\/uploads\/2025\/01\/EU-Spanish-Gouache-2-Safety-Data-Sheets.zip\" target=\"_blank\" rel=\"noopener\">EU Spanish &#8211; Gouache &#8211; 2 Safety Data Sheets.zip<\/a> <a class=\"EUspaGO2\" href=\"#\"><img decoding=\"async\" class=\"zipicon\" src=\"https:\/\/jjcindustries.com\/wp-content\/uploads\/2021\/12\/zip-icon.png\" \/><\/a><\/p>\n<p><a href=\"https:\/\/jjcindustries.com\/wp-content\/uploads\/2025\/01\/EU-Spanish-Watercolor-4-Safety-Data-Sheets.zip\" target=\"_blank\" rel=\"noopener\">EU Spanish &#8211; Watercolor &#8211; 4 Safety Data Sheets.zip<\/a> <a class=\"EUspaWC4\" href=\"#\"><img decoding=\"async\" class=\"zipicon\" src=\"https:\/\/jjcindustries.com\/wp-content\/uploads\/2021\/12\/zip-icon.png\" \/><\/a><\/p>\n<\/div><\/div><\/div><div class=\"fusion-layout-column fusion_builder_column fusion-builder-column-8 fusion_builder_column_1_1 1_1 fusion-flex-column\" style=\"--awb-bg-size:cover;--awb-width-large:100%;--awb-margin-top-large:0px;--awb-spacing-right-large:0px;--awb-margin-bottom-large:0px;--awb-spacing-left-large:0px;--awb-width-medium:100%;--awb-order-medium:0;--awb-spacing-right-medium:0px;--awb-spacing-left-medium:0px;--awb-width-small:100%;--awb-order-small:0;--awb-spacing-right-small:0px;--awb-spacing-left-small:0px;\"><div class=\"fusion-column-wrapper fusion-column-has-shadow fusion-flex-justify-content-flex-start fusion-content-layout-column\"><div class=\"fusion-title title fusion-title-9 fusion-sep-none fusion-title-text fusion-title-size-three\" style=\"--awb-margin-top-small:0px;--awb-margin-right-small:0px;--awb-margin-bottom-small:20px;--awb-margin-left-small:0px;\"><h3 class=\"fusion-title-heading title-heading-left fusion-responsive-typography-calculated\" style=\"margin:0;--fontSize:22;--minFontSize:22;line-height:1.91;\">EU Swedish<\/h3><\/div><div class=\"fusion-text fusion-text-9\"><p><a href=\"https:\/\/jjcindustries.com\/wp-content\/uploads\/2025\/01\/EU-Swedish-Gouache-2-Safety-Data-Sheets.zip\" target=\"_blank\" rel=\"noopener\">EU Swedish &#8211; Gouache &#8211; 2 Safety Data Sheets.zip<\/a> <a class=\"EUsweGO2\" href=\"#\"><img decoding=\"async\" class=\"zipicon\" src=\"https:\/\/jjcindustries.com\/wp-content\/uploads\/2021\/12\/zip-icon.png\" \/><\/a><\/p>\n<p><a href=\"https:\/\/jjcindustries.com\/wp-content\/uploads\/2025\/01\/EU-Swedish-Watercolor-4-Safety-Data-Sheets.zip\" target=\"_blank\" rel=\"noopener\">EU Swedish &#8211; Watercolor &#8211; 4 Safety Data Sheets.zip<\/a> <a class=\"EUsweWC4\" href=\"#\"><img decoding=\"async\" class=\"zipicon\" src=\"https:\/\/jjcindustries.com\/wp-content\/uploads\/2021\/12\/zip-icon.png\" \/><\/a><\/p>\n<\/div><\/div><\/div><div class=\"fusion-layout-column fusion_builder_column fusion-builder-column-9 fusion_builder_column_1_1 1_1 fusion-flex-column\" style=\"--awb-bg-size:cover;--awb-width-large:100%;--awb-margin-top-large:0px;--awb-spacing-right-large:0px;--awb-margin-bottom-large:0px;--awb-spacing-left-large:0px;--awb-width-medium:100%;--awb-order-medium:0;--awb-spacing-right-medium:0px;--awb-spacing-left-medium:0px;--awb-width-small:100%;--awb-order-small:0;--awb-spacing-right-small:0px;--awb-spacing-left-small:0px;\"><div class=\"fusion-column-wrapper fusion-column-has-shadow fusion-flex-justify-content-flex-start fusion-content-layout-column\"><div class=\"fusion-title title fusion-title-10 fusion-sep-none fusion-title-text fusion-title-size-three\" style=\"--awb-margin-top-small:0px;--awb-margin-right-small:0px;--awb-margin-bottom-small:20px;--awb-margin-left-small:0px;\"><h3 class=\"fusion-title-heading title-heading-left fusion-responsive-typography-calculated\" style=\"margin:0;--fontSize:22;--minFontSize:22;line-height:1.91;\">Discontinued Products<\/h3><\/div><div class=\"fusion-text fusion-text-10\"><p><a href=\"https:\/\/jjcindustries.com\/wp-content\/uploads\/2025\/01\/Discontinued-Products-9-Safety-Data-Sheets.zip\" target=\"_blank\" rel=\"noopener\">Discontinued Products &#8211; 9 Safety Data Sheets.zip<\/a> <a class=\"discon9\" href=\"#\"><img decoding=\"async\" class=\"zipicon\" src=\"https:\/\/jjcindustries.com\/wp-content\/uploads\/2021\/12\/zip-icon.png\" \/><\/a><\/p>\n<\/div><\/div><\/div><\/div><\/div>","protected":false},"excerpt":{"rendered":"","protected":false},"author":3,"featured_media":0,"parent":0,"menu_order":0,"comment_status":"closed","ping_status":"open","template":"100-width.php","meta":{"footnotes":""},"class_list":["post-1125","page","type-page","status-publish","hentry"],"_links":{"self":[{"href":"https:\/\/jjcindustries.com\/fr\/wp-json\/wp\/v2\/pages\/1125","targetHints":{"allow":["GET"]}}],"collection":[{"href":"https:\/\/jjcindustries.com\/fr\/wp-json\/wp\/v2\/pages"}],"about":[{"href":"https:\/\/jjcindustries.com\/fr\/wp-json\/wp\/v2\/types\/page"}],"author":[{"embeddable":true,"href":"https:\/\/jjcindustries.com\/fr\/wp-json\/wp\/v2\/users\/3"}],"replies":[{"embeddable":true,"href":"https:\/\/jjcindustries.com\/fr\/wp-json\/wp\/v2\/comments?post=1125"}],"version-history":[{"count":25,"href":"https:\/\/jjcindustries.com\/fr\/wp-json\/wp\/v2\/pages\/1125\/revisions"}],"predecessor-version":[{"id":2703,"href":"https:\/\/jjcindustries.com\/fr\/wp-json\/wp\/v2\/pages\/1125\/revisions\/2703"}],"wp:attachment":[{"href":"https:\/\/jjcindustries.com\/fr\/wp-json\/wp\/v2\/media?parent=1125"}],"curies":[{"name":"wp","href":"https:\/\/api.w.org\/{rel}","templated":true}]}}