{"id":1816,"date":"2021-08-20T01:06:18","date_gmt":"2021-08-20T01:06:18","guid":{"rendered":"https:\/\/jjcindustries.com\/?page_id=1816"},"modified":"2021-08-20T01:17:05","modified_gmt":"2021-08-20T01:17:05","slug":"account","status":"publish","type":"page","link":"https:\/\/jjcindustries.com\/de\/account\/","title":{"rendered":"Konto"},"content":{"rendered":"<div class=\"rcp_restricted\"><\/div>\n\n<h3>Einloggen<\/h3>\n<p><br \/>\n<div class='gf_browser_gecko gform_wrapper gf_login_form' id='gform_wrapper_0'><form method='post' id='gform_0' action=\"\"><input type='hidden' name='login_redirect' value='\/account\/' \/><div class='gform_body'><ul id='gform_fields_login' class='gform_fields top_label'><div id=\"field_1\" class=\"gfield gfield--type-text gfield_contains_required field_sublabel_below gfield--no-description field_description_below field_validation_below gfield_visibility_visible\"  ><label class='gfield_label gform-field-label' for='input_1'>Benutzername<span class=\"gfield_required\"><span class=\"gfield_required gfield_required_text\">(erforderlich)<\/span><\/span><\/label><div class='ginput_container ginput_container_text'><input name='input_1' id='input_1' type='text' value='' class=''     aria-required=\"true\" aria-invalid=\"false\"   \/><\/div><\/div><div id=\"field_2\" class=\"gfield gfield--type-text gfield_contains_required field_sublabel_below gfield--no-description field_description_below field_validation_below gfield_visibility_visible\"  ><label class='gfield_label gform-field-label' for='input_2'>Kennwort<span class=\"gfield_required\"><span class=\"gfield_required gfield_required_text\">(erforderlich)<\/span><\/span><\/label><div class='ginput_container ginput_container_text'><input name='input_2' id='input_2' type='password' value='' class=''     aria-required=\"true\" aria-invalid=\"false\"   \/><\/div><\/div><div>\r\n  <input type=\"checkbox\" name=\"consent\" id=\"consent\" required>\r\n  <label for=\"consent\">Mir ist bekannt, dass der Zugriff auf die DSI Digital Library auf autorisierte H\u00e4ndler von DSI-Kunstmaterialien und -Produkten beschr\u00e4nkt ist. Ich stimme Ihren Allgemeinen Gesch\u00e4ftsbedingungen zu, wie in den nachstehenden Dokumenten definiert.<\/label>\r\n  <\/div><\/ul>\n        <div class='gform_footer top_label'> <input type='submit' id='gform_submit_button_0' class='gform_button button' onclick='gform.submission.handleButtonClick(this);' data-submission-type='submit' value='Anmelden'  \/> \n            <input type='hidden' class='gform_hidden' name='gform_submission_method' data-js='gform_submission_method_0' value='postback' \/>\n            <input type='hidden' class='gform_hidden' name='gform_theme' data-js='gform_theme_0' id='gform_theme_0' value='' \/>\n            <input type='hidden' class='gform_hidden' name='gform_style_settings' data-js='gform_style_settings_0' id='gform_style_settings_0' value='' \/>\n            <input type='hidden' class='gform_hidden' name='is_submit_0' value='1' \/>\n            <input type='hidden' class='gform_hidden' name='gform_submit' value='0' \/>\n            \n            <input type='hidden' class='gform_hidden' name='gform_currency' data-currency='USD' value='q1rAh4SGzyYFZpNYOk0vCtFvCi9+35aZ7Lh9jPukfXRht+p\/7D0hLkrIYhBdZwV3fomwStIP2pQ41m1g+2tOqJ+XhpSj2MKPqIX9WyPSRm+T+5k=' \/>\n            <input type='hidden' class='gform_hidden' name='gform_unique_id' value='' \/>\n            <input type='hidden' class='gform_hidden' name='state_0' value='WyJbXSIsImQ0MTQyYzJkOGE5NTI4NzUwNTIxMjJkOWMwZWNmMjA2Il0=' \/>\n            <input type='hidden' autocomplete='off' class='gform_hidden' name='gform_target_page_number_0' id='gform_target_page_number_0' value='0' \/>\n            <input type='hidden' autocomplete='off' class='gform_hidden' name='gform_source_page_number_0' id='gform_source_page_number_0' value='1' \/>\n            <input type='hidden' name='gform_field_values' value='' \/>\n            \n        <\/div><\/div><input type=\"hidden\" name=\"trp-form-language\" value=\"de\"\/><\/form><\/div><nav class=\"gf_login_links\"><a href=\"https:\/\/jjcindustries.com\/de\/register\/\" title=\"\"><\/a><br \/><a href=\"https:\/\/jjcindustries.com\/wp-login.php?action=lostpassword\" title=\"Passwort vergessen\">Passwort vergessen<\/a><br \/><\/nav><\/p>","protected":false},"excerpt":{"rendered":"","protected":false},"author":3,"featured_media":0,"parent":0,"menu_order":0,"comment_status":"closed","ping_status":"closed","template":"","meta":{"footnotes":""},"class_list":["post-1816","page","type-page","status-publish","hentry"],"_links":{"self":[{"href":"https:\/\/jjcindustries.com\/de\/wp-json\/wp\/v2\/pages\/1816","targetHints":{"allow":["GET"]}}],"collection":[{"href":"https:\/\/jjcindustries.com\/de\/wp-json\/wp\/v2\/pages"}],"about":[{"href":"https:\/\/jjcindustries.com\/de\/wp-json\/wp\/v2\/types\/page"}],"author":[{"embeddable":true,"href":"https:\/\/jjcindustries.com\/de\/wp-json\/wp\/v2\/users\/3"}],"replies":[{"embeddable":true,"href":"https:\/\/jjcindustries.com\/de\/wp-json\/wp\/v2\/comments?post=1816"}],"version-history":[{"count":0,"href":"https:\/\/jjcindustries.com\/de\/wp-json\/wp\/v2\/pages\/1816\/revisions"}],"wp:attachment":[{"href":"https:\/\/jjcindustries.com\/de\/wp-json\/wp\/v2\/media?parent=1816"}],"curies":[{"name":"wp","href":"https:\/\/api.w.org\/{rel}","templated":true}]}}